{"id":12449,"date":"2021-05-11T05:47:12","date_gmt":"2021-05-11T02:47:12","guid":{"rendered":"https:\/\/visitrauhalahti.fi\/rauhalahti\/news\/"},"modified":"2026-03-19T15:24:13","modified_gmt":"2026-03-19T13:24:13","slug":"news","status":"publish","type":"page","link":"https:\/\/visitrauhalahti.fi\/en\/rauhalahti\/news\/","title":{"rendered":"News"},"content":{"rendered":"\t\t<div data-elementor-type=\"wp-page\" data-elementor-id=\"12449\" class=\"elementor elementor-12449 elementor-637\" data-elementor-post-type=\"page\">\n\t\t\t\t\t\t<section data-particle_enable=\"false\" data-particle-mobile-disabled=\"false\" class=\"elementor-section elementor-top-section elementor-element elementor-element-0f4dc4b elementor-section-full_width section_varaa-majoitus elementor-section-height-default elementor-section-height-default\" data-id=\"0f4dc4b\" data-element_type=\"section\" data-e-type=\"section\" data-settings=\"{&quot;sticky&quot;:&quot;top&quot;,&quot;sticky_on&quot;:[&quot;desktop&quot;,&quot;tablet&quot;,&quot;mobile&quot;],&quot;sticky_offset&quot;:0,&quot;sticky_effects_offset&quot;:0,&quot;sticky_anchor_link_offset&quot;:0}\">\n\t\t\t\t\t\t<div class=\"elementor-container elementor-column-gap-default\">\n\t\t\t\t\t<div class=\"elementor-column elementor-col-100 elementor-top-column elementor-element elementor-element-4ac5605\" data-id=\"4ac5605\" data-element_type=\"column\" data-e-type=\"column\">\n\t\t\t<div class=\"elementor-widget-wrap elementor-element-populated\">\n\t\t\t\t\t\t<div class=\"elementor-element elementor-element-a6d06bc elementor-align-left varaa-majoitus elementor-widget__width-auto elementor-absolute elementor-widget elementor-widget-button\" data-id=\"a6d06bc\" data-element_type=\"widget\" data-e-type=\"widget\" data-settings=\"{&quot;_position&quot;:&quot;absolute&quot;}\" data-widget_type=\"button.default\">\n\t\t\t\t<div class=\"elementor-widget-container\">\n\t\t\t\t\t\t\t\t\t<div class=\"elementor-button-wrapper\">\n\t\t\t\t\t<a class=\"elementor-button elementor-button-link elementor-size-md elementor-animation-float\" href=\"https:\/\/rauhalahti.bookingonline.fi\/?integrointilistasivu=true&#038;portaali_id=242&#038;teema_id=2647&#038;kieli=FIN\" target=\"_blank\">\n\t\t\t\t\t\t<span class=\"elementor-button-content-wrapper\">\n\t\t\t\t\t\t<span class=\"elementor-button-icon\">\n\t\t\t\t<i aria-hidden=\"true\" class=\"far fa-calendar-alt\"><\/i>\t\t\t<\/span>\n\t\t\t\t\t\t\t\t\t<span class=\"elementor-button-text\">Book accommodation<\/span>\n\t\t\t\t\t<\/span>\n\t\t\t\t\t<\/a>\n\t\t\t\t<\/div>\n\t\t\t\t\t\t\t\t<\/div>\n\t\t\t\t<\/div>\n\t\t\t\t\t<\/div>\n\t\t<\/div>\n\t\t\t\t\t<\/div>\n\t\t<\/section>\n\t\t\t\t<section data-particle_enable=\"false\" data-particle-mobile-disabled=\"false\" class=\"elementor-section elementor-top-section elementor-element elementor-element-8f021bf elementor-section-height-min-height elementor-section-boxed elementor-section-height-default elementor-section-items-middle\" data-id=\"8f021bf\" data-element_type=\"section\" data-e-type=\"section\" data-settings=\"{&quot;background_background&quot;:&quot;classic&quot;}\">\n\t\t\t\t\t\t<div class=\"elementor-container elementor-column-gap-default\">\n\t\t\t\t\t<div class=\"elementor-column elementor-col-100 elementor-top-column elementor-element elementor-element-895fd2f\" data-id=\"895fd2f\" data-element_type=\"column\" data-e-type=\"column\">\n\t\t\t<div class=\"elementor-widget-wrap elementor-element-populated\">\n\t\t\t\t\t\t\t<\/div>\n\t\t<\/div>\n\t\t\t\t\t<\/div>\n\t\t<\/section>\n\t\t\t\t<section data-particle_enable=\"false\" data-particle-mobile-disabled=\"false\" class=\"elementor-section elementor-top-section elementor-element elementor-element-ab8e65f elementor-section-boxed elementor-section-height-default elementor-section-height-default\" data-id=\"ab8e65f\" data-element_type=\"section\" data-e-type=\"section\">\n\t\t\t\t\t\t<div class=\"elementor-container elementor-column-gap-default\">\n\t\t\t\t\t<div class=\"elementor-column elementor-col-100 elementor-top-column elementor-element elementor-element-739d0f6\" data-id=\"739d0f6\" data-element_type=\"column\" data-e-type=\"column\">\n\t\t\t<div class=\"elementor-widget-wrap elementor-element-populated\">\n\t\t\t\t\t\t<div class=\"elementor-element elementor-element-6210f77 scroll-down-btn elementor-view-default elementor-widget elementor-widget-icon\" data-id=\"6210f77\" data-element_type=\"widget\" data-e-type=\"widget\" data-widget_type=\"icon.default\">\n\t\t\t\t<div class=\"elementor-widget-container\">\n\t\t\t\t\t\t\t<div class=\"elementor-icon-wrapper\">\n\t\t\t<a class=\"elementor-icon\" href=\"#ajankohtaista\">\n\t\t\t<i aria-hidden=\"true\" class=\"fas fa-arrow-circle-down\"><\/i>\t\t\t<\/a>\n\t\t<\/div>\n\t\t\t\t\t\t<\/div>\n\t\t\t\t<\/div>\n\t\t\t\t\t<\/div>\n\t\t<\/div>\n\t\t\t\t\t<\/div>\n\t\t<\/section>\n\t\t\t\t<section data-particle_enable=\"false\" data-particle-mobile-disabled=\"false\" class=\"elementor-section elementor-top-section elementor-element elementor-element-47654ff elementor-section-boxed elementor-section-height-default elementor-section-height-default\" data-id=\"47654ff\" data-element_type=\"section\" data-e-type=\"section\">\n\t\t\t\t\t\t<div class=\"elementor-container elementor-column-gap-default\">\n\t\t\t\t\t<div class=\"elementor-column elementor-col-100 elementor-top-column elementor-element elementor-element-b902d54\" data-id=\"b902d54\" data-element_type=\"column\" data-e-type=\"column\">\n\t\t\t<div class=\"elementor-widget-wrap elementor-element-populated\">\n\t\t\t\t\t\t<div class=\"elementor-element elementor-element-088ff56 elementor-widget elementor-widget-menu-anchor\" data-id=\"088ff56\" data-element_type=\"widget\" data-e-type=\"widget\" data-widget_type=\"menu-anchor.default\">\n\t\t\t\t<div class=\"elementor-widget-container\">\n\t\t\t\t\t\t\t<div class=\"elementor-menu-anchor\" id=\"News\"><\/div>\n\t\t\t\t\t\t<\/div>\n\t\t\t\t<\/div>\n\t\t\t\t\t<\/div>\n\t\t<\/div>\n\t\t\t\t\t<\/div>\n\t\t<\/section>\n\t\t\t\t<section data-particle_enable=\"false\" data-particle-mobile-disabled=\"false\" class=\"elementor-section elementor-top-section elementor-element elementor-element-7ca0e3e elementor-section-boxed elementor-section-height-default elementor-section-height-default\" data-id=\"7ca0e3e\" data-element_type=\"section\" data-e-type=\"section\" id=\"tarjoukset\">\n\t\t\t\t\t\t<div class=\"elementor-container elementor-column-gap-default\">\n\t\t\t\t\t<div class=\"elementor-column elementor-col-100 elementor-top-column elementor-element elementor-element-e51b265\" data-id=\"e51b265\" data-element_type=\"column\" data-e-type=\"column\">\n\t\t\t<div class=\"elementor-widget-wrap elementor-element-populated\">\n\t\t\t\t\t\t<div class=\"elementor-element elementor-element-f234008 elementor-widget elementor-widget-heading\" data-id=\"f234008\" data-element_type=\"widget\" data-e-type=\"widget\" data-widget_type=\"heading.default\">\n\t\t\t\t<div class=\"elementor-widget-container\">\n\t\t\t\t\t<h2 class=\"elementor-heading-title elementor-size-default\">Offers<\/h2>\t\t\t\t<\/div>\n\t\t\t\t<\/div>\n\t\t\t\t<div class=\"elementor-element elementor-element-aa296c1 elementor-widget elementor-widget-menu-anchor\" data-id=\"aa296c1\" data-element_type=\"widget\" data-e-type=\"widget\" data-widget_type=\"menu-anchor.default\">\n\t\t\t\t<div class=\"elementor-widget-container\">\n\t\t\t\t\t\t\t<div class=\"elementor-menu-anchor\" id=\"offers\"><\/div>\n\t\t\t\t\t\t<\/div>\n\t\t\t\t<\/div>\n\t\t\t\t<div class=\"elementor-element elementor-element-5d319db elementor-widget elementor-widget-shortcode\" data-id=\"5d319db\" data-element_type=\"widget\" data-e-type=\"widget\" data-widget_type=\"shortcode.default\">\n\t\t\t\t<div class=\"elementor-widget-container\">\n\t\t\t\t\t\t\t<div class=\"elementor-shortcode\"><!-- found: 0 --><!-- sql: SELECT SQL_CALC_FOUND_ROWS  wp_2_posts.ID\n\t\t\t\t\t FROM wp_2_posts  JOIN wp_2_icl_translations wpml_translations\n\t\t\t\t\t\t\tON wp_2_posts.ID = wpml_translations.element_id\n\t\t\t\t\t\t\t\tAND wpml_translations.element_type = CONCAT('post_', wp_2_posts.post_type) \n\t\t\t\t\t WHERE 1=1  AND ( \n  0 = 1\n) AND wp_2_posts.post_type = 'tarjous' AND ((wp_2_posts.post_status = 'publish')) AND ( ( ( wpml_translations.language_code = 'en' OR (\n\t\t\t\t\twpml_translations.language_code = 'fi'\n\t\t\t\t\tAND wp_2_posts.post_type IN ( 'elementor_library' )\n\t\t\t\t\tAND ( ( \n\t\t\t( SELECT COUNT(element_id)\n\t\t\t  FROM wp_2_icl_translations\n\t\t\t  WHERE trid = wpml_translations.trid\n\t\t\t  AND language_code = 'en'\n\t\t\t) = 0\n\t\t\t ) OR ( \n\t\t\t( SELECT COUNT(element_id)\n\t\t\t\tFROM wp_2_icl_translations t2\n\t\t\t\tJOIN wp_2_posts p ON p.id = t2.element_id\n\t\t\t\tWHERE t2.trid = wpml_translations.trid\n\t\t\t\tAND t2.language_code = 'en'\n                AND (\n                    p.post_status = 'publish' OR p.post_status = 'private' OR \n                    ( p.post_type='attachment' AND p.post_status = 'inherit' )\n                )\n\t\t\t) = 0 ) ) \n\t\t\t\t) ) AND wp_2_posts.post_type  IN ('post','page','attachment','wp_block','wp_template','wp_template_part','wp_navigation','elementor_library','tarjous','tiedote','wpcf7_contact_form' )  ) OR wp_2_posts.post_type  NOT  IN ('post','page','attachment','wp_block','wp_template','wp_template_part','wp_navigation','elementor_library','tarjous','tiedote','wpcf7_contact_form' )  )\n\t\t\t\t\t GROUP BY wp_2_posts.ID\n\t\t\t\t\t ORDER BY wp_2_posts.menu_order ASC\n\t\t\t\t\t LIMIT 0, 3 -->\t<div class = \"mm-postausTyhja\">\n\t\t<h5 class = \"mm-postausTyhjaTeksti\"><i class = \"fas fa-info-circle\"><\/i>Ei ajankohtaista sis\u00e4lt\u00f6\u00e4.<\/h5>\n\t<\/div>\n\t<\/div>\n\t\t\t\t\t\t<\/div>\n\t\t\t\t<\/div>\n\t\t\t\t<div class=\"elementor-element elementor-element-90b1924 elementor-widget elementor-widget-heading\" data-id=\"90b1924\" data-element_type=\"widget\" data-e-type=\"widget\" data-widget_type=\"heading.default\">\n\t\t\t\t<div class=\"elementor-widget-container\">\n\t\t\t\t\t<h2 class=\"elementor-heading-title elementor-size-default\">News<\/h2>\t\t\t\t<\/div>\n\t\t\t\t<\/div>\n\t\t\t\t<div class=\"elementor-element elementor-element-5eb1a9c elementor-widget elementor-widget-shortcode\" data-id=\"5eb1a9c\" data-element_type=\"widget\" data-e-type=\"widget\" data-widget_type=\"shortcode.default\">\n\t\t\t\t<div class=\"elementor-widget-container\">\n\t\t\t\t\t\t\t<div class=\"elementor-shortcode\"><!-- found: 0 --><!-- sql: SELECT SQL_CALC_FOUND_ROWS  wp_2_posts.ID\n\t\t\t\t\t FROM wp_2_posts  JOIN wp_2_icl_translations wpml_translations\n\t\t\t\t\t\t\tON wp_2_posts.ID = wpml_translations.element_id\n\t\t\t\t\t\t\t\tAND wpml_translations.element_type = CONCAT('post_', wp_2_posts.post_type) \n\t\t\t\t\t WHERE 1=1  AND ( \n  0 = 1\n) AND wp_2_posts.post_type = 'post' AND ((wp_2_posts.post_status = 'publish')) AND ( ( ( wpml_translations.language_code = 'en' OR (\n\t\t\t\t\twpml_translations.language_code = 'fi'\n\t\t\t\t\tAND wp_2_posts.post_type IN ( 'elementor_library' )\n\t\t\t\t\tAND ( ( \n\t\t\t( SELECT COUNT(element_id)\n\t\t\t  FROM wp_2_icl_translations\n\t\t\t  WHERE trid = wpml_translations.trid\n\t\t\t  AND language_code = 'en'\n\t\t\t) = 0\n\t\t\t ) OR ( \n\t\t\t( SELECT COUNT(element_id)\n\t\t\t\tFROM wp_2_icl_translations t2\n\t\t\t\tJOIN wp_2_posts p ON p.id = t2.element_id\n\t\t\t\tWHERE t2.trid = wpml_translations.trid\n\t\t\t\tAND t2.language_code = 'en'\n                AND (\n                    p.post_status = 'publish' OR p.post_status = 'private' OR \n                    ( p.post_type='attachment' AND p.post_status = 'inherit' )\n                )\n\t\t\t) = 0 ) ) \n\t\t\t\t) ) AND wp_2_posts.post_type  IN ('post','page','attachment','wp_block','wp_template','wp_template_part','wp_navigation','elementor_library','tarjous','tiedote','wpcf7_contact_form' )  ) OR wp_2_posts.post_type  NOT  IN ('post','page','attachment','wp_block','wp_template','wp_template_part','wp_navigation','elementor_library','tarjous','tiedote','wpcf7_contact_form' )  )\n\t\t\t\t\t GROUP BY wp_2_posts.ID\n\t\t\t\t\t ORDER BY wp_2_posts.menu_order ASC\n\t\t\t\t\t LIMIT 0, 3 -->\t<div class = \"mm-postausTyhja\">\n\t\t<h5 class = \"mm-postausTyhjaTeksti\"><i class = \"fas fa-info-circle\"><\/i>Ei ajankohtaista sis\u00e4lt\u00f6\u00e4.<\/h5>\n\t<\/div>\n\t<\/div>\n\t\t\t\t\t\t<\/div>\n\t\t\t\t<\/div>\n\t\t\t\t<div class=\"elementor-element elementor-element-593341a elementor-widget elementor-widget-heading\" data-id=\"593341a\" data-element_type=\"widget\" data-e-type=\"widget\" data-widget_type=\"heading.default\">\n\t\t\t\t<div class=\"elementor-widget-container\">\n\t\t\t\t\t<h2 class=\"elementor-heading-title elementor-size-default\">Announcements<\/h2>\t\t\t\t<\/div>\n\t\t\t\t<\/div>\n\t\t\t\t<div class=\"elementor-element elementor-element-b0a7795 elementor-widget elementor-widget-shortcode\" data-id=\"b0a7795\" data-element_type=\"widget\" data-e-type=\"widget\" data-widget_type=\"shortcode.default\">\n\t\t\t\t<div class=\"elementor-widget-container\">\n\t\t\t\t\t\t\t<div class=\"elementor-shortcode\"><!-- found: 0 --><!-- sql: SELECT SQL_CALC_FOUND_ROWS  wp_2_posts.ID\n\t\t\t\t\t FROM wp_2_posts  JOIN wp_2_icl_translations wpml_translations\n\t\t\t\t\t\t\tON wp_2_posts.ID = wpml_translations.element_id\n\t\t\t\t\t\t\t\tAND wpml_translations.element_type = CONCAT('post_', wp_2_posts.post_type) \n\t\t\t\t\t WHERE 1=1  AND ( \n  0 = 1\n) AND wp_2_posts.post_type = 'tiedote' AND ((wp_2_posts.post_status = 'publish')) AND ( ( ( wpml_translations.language_code = 'en' OR (\n\t\t\t\t\twpml_translations.language_code = 'fi'\n\t\t\t\t\tAND wp_2_posts.post_type IN ( 'elementor_library' )\n\t\t\t\t\tAND ( ( \n\t\t\t( SELECT COUNT(element_id)\n\t\t\t  FROM wp_2_icl_translations\n\t\t\t  WHERE trid = wpml_translations.trid\n\t\t\t  AND language_code = 'en'\n\t\t\t) = 0\n\t\t\t ) OR ( \n\t\t\t( SELECT COUNT(element_id)\n\t\t\t\tFROM wp_2_icl_translations t2\n\t\t\t\tJOIN wp_2_posts p ON p.id = t2.element_id\n\t\t\t\tWHERE t2.trid = wpml_translations.trid\n\t\t\t\tAND t2.language_code = 'en'\n                AND (\n                    p.post_status = 'publish' OR p.post_status = 'private' OR \n                    ( p.post_type='attachment' AND p.post_status = 'inherit' )\n                )\n\t\t\t) = 0 ) ) \n\t\t\t\t) ) AND wp_2_posts.post_type  IN ('post','page','attachment','wp_block','wp_template','wp_template_part','wp_navigation','elementor_library','tarjous','tiedote','wpcf7_contact_form' )  ) OR wp_2_posts.post_type  NOT  IN ('post','page','attachment','wp_block','wp_template','wp_template_part','wp_navigation','elementor_library','tarjous','tiedote','wpcf7_contact_form' )  )\n\t\t\t\t\t GROUP BY wp_2_posts.ID\n\t\t\t\t\t ORDER BY wp_2_posts.menu_order ASC\n\t\t\t\t\t LIMIT 0, 3 -->\t<div class = \"mm-postausTyhja\">\n\t\t<h5 class = \"mm-postausTyhjaTeksti\"><i class = \"fas fa-info-circle\"><\/i>Ei ajankohtaista sis\u00e4lt\u00f6\u00e4.<\/h5>\n\t<\/div>\n\t<\/div>\n\t\t\t\t\t\t<\/div>\n\t\t\t\t<\/div>\n\t\t\t\t\t<\/div>\n\t\t<\/div>\n\t\t\t\t\t<\/div>\n\t\t<\/section>\n\t\t\t\t<\/div>\n\t\t","protected":false},"excerpt":{"rendered":"<p>Book accommodation Offers News Announcements<\/p>\n","protected":false},"author":2,"featured_media":0,"parent":12447,"menu_order":2,"comment_status":"closed","ping_status":"closed","template":"elementor_header_footer","meta":{"_acf_changed":false,"footnotes":""},"class_list":["post-12449","page","type-page","status-publish","hentry"],"acf":[],"yoast_head":"<!-- This site is optimized with the Yoast SEO plugin v27.4 - https:\/\/yoast.com\/product\/yoast-seo-wordpress\/ -->\n<title>News - Matkailukeskus Rauhalahti<\/title>\n<meta name=\"robots\" content=\"index, follow, max-snippet:-1, max-image-preview:large, max-video-preview:-1\" \/>\n<link rel=\"canonical\" href=\"https:\/\/visitrauhalahti.fi\/en\/rauhalahti\/news\/\" \/>\n<meta property=\"og:locale\" content=\"en_US\" \/>\n<meta property=\"og:type\" content=\"article\" \/>\n<meta property=\"og:title\" content=\"News - Matkailukeskus Rauhalahti\" \/>\n<meta property=\"og:description\" content=\"Book accommodation Offers News Announcements\" \/>\n<meta property=\"og:url\" content=\"https:\/\/visitrauhalahti.fi\/en\/rauhalahti\/news\/\" \/>\n<meta property=\"og:site_name\" content=\"Matkailukeskus Rauhalahti\" \/>\n<meta property=\"article:publisher\" content=\"https:\/\/www.facebook.com\/visitrauhalahti\" \/>\n<meta property=\"article:modified_time\" content=\"2026-03-19T13:24:13+00:00\" \/>\n<meta name=\"twitter:card\" content=\"summary_large_image\" \/>\n<script type=\"application\/ld+json\" class=\"yoast-schema-graph\">{\"@context\":\"https:\\\/\\\/schema.org\",\"@graph\":[{\"@type\":\"WebPage\",\"@id\":\"https:\\\/\\\/visitrauhalahti.fi\\\/en\\\/rauhalahti\\\/news\\\/\",\"url\":\"https:\\\/\\\/visitrauhalahti.fi\\\/en\\\/rauhalahti\\\/news\\\/\",\"name\":\"News - Matkailukeskus Rauhalahti\",\"isPartOf\":{\"@id\":\"https:\\\/\\\/visitrauhalahti.fi\\\/en\\\/#website\"},\"datePublished\":\"2021-05-11T02:47:12+00:00\",\"dateModified\":\"2026-03-19T13:24:13+00:00\",\"breadcrumb\":{\"@id\":\"https:\\\/\\\/visitrauhalahti.fi\\\/en\\\/rauhalahti\\\/news\\\/#breadcrumb\"},\"inLanguage\":\"en-US\",\"potentialAction\":[{\"@type\":\"ReadAction\",\"target\":[\"https:\\\/\\\/visitrauhalahti.fi\\\/en\\\/rauhalahti\\\/news\\\/\"]}]},{\"@type\":\"BreadcrumbList\",\"@id\":\"https:\\\/\\\/visitrauhalahti.fi\\\/en\\\/rauhalahti\\\/news\\\/#breadcrumb\",\"itemListElement\":[{\"@type\":\"ListItem\",\"position\":1,\"name\":\"Etusivu\",\"item\":\"https:\\\/\\\/visitrauhalahti.fi\\\/en\\\/\"},{\"@type\":\"ListItem\",\"position\":2,\"name\":\"Rauhalahti\",\"item\":\"https:\\\/\\\/visitrauhalahti.fi\\\/en\\\/\"},{\"@type\":\"ListItem\",\"position\":3,\"name\":\"News\"}]},{\"@type\":\"WebSite\",\"@id\":\"https:\\\/\\\/visitrauhalahti.fi\\\/en\\\/#website\",\"url\":\"https:\\\/\\\/visitrauhalahti.fi\\\/en\\\/\",\"name\":\"Matkailukeskus Rauhalahti\",\"description\":\"Matkailukeskus Rauhalahti\",\"publisher\":{\"@id\":\"https:\\\/\\\/visitrauhalahti.fi\\\/en\\\/#organization\"},\"potentialAction\":[{\"@type\":\"SearchAction\",\"target\":{\"@type\":\"EntryPoint\",\"urlTemplate\":\"https:\\\/\\\/visitrauhalahti.fi\\\/en\\\/?s={search_term_string}\"},\"query-input\":{\"@type\":\"PropertyValueSpecification\",\"valueRequired\":true,\"valueName\":\"search_term_string\"}}],\"inLanguage\":\"en-US\"},{\"@type\":\"Organization\",\"@id\":\"https:\\\/\\\/visitrauhalahti.fi\\\/en\\\/#organization\",\"name\":\"Suomi Camping Oy\",\"url\":\"https:\\\/\\\/visitrauhalahti.fi\\\/en\\\/\",\"logo\":{\"@type\":\"ImageObject\",\"inLanguage\":\"en-US\",\"@id\":\"https:\\\/\\\/visitrauhalahti.fi\\\/en\\\/#\\\/schema\\\/logo\\\/image\\\/\",\"url\":\"https:\\\/\\\/suomicamping.fi\\\/wp-content\\\/uploads\\\/sites\\\/2\\\/2021\\\/04\\\/Rauhalahti_logo.png\",\"contentUrl\":\"https:\\\/\\\/suomicamping.fi\\\/wp-content\\\/uploads\\\/sites\\\/2\\\/2021\\\/04\\\/Rauhalahti_logo.png\",\"width\":900,\"height\":222,\"caption\":\"Suomi Camping Oy\"},\"image\":{\"@id\":\"https:\\\/\\\/visitrauhalahti.fi\\\/en\\\/#\\\/schema\\\/logo\\\/image\\\/\"},\"sameAs\":[\"https:\\\/\\\/www.facebook.com\\\/visitrauhalahti\",\"https:\\\/\\\/www.instagram.com\\\/rauhalahtiholidaycentre\\\/\",\"https:\\\/\\\/www.youtube.com\\\/playlist?list=PLBg6OlyntjFYI1W8jsvqBpA-3EMNnFHqN\"]}]}<\/script>\n<!-- \/ Yoast SEO plugin. -->","yoast_head_json":{"title":"News - Matkailukeskus Rauhalahti","robots":{"index":"index","follow":"follow","max-snippet":"max-snippet:-1","max-image-preview":"max-image-preview:large","max-video-preview":"max-video-preview:-1"},"canonical":"https:\/\/visitrauhalahti.fi\/en\/rauhalahti\/news\/","og_locale":"en_US","og_type":"article","og_title":"News - Matkailukeskus Rauhalahti","og_description":"Book accommodation Offers News Announcements","og_url":"https:\/\/visitrauhalahti.fi\/en\/rauhalahti\/news\/","og_site_name":"Matkailukeskus Rauhalahti","article_publisher":"https:\/\/www.facebook.com\/visitrauhalahti","article_modified_time":"2026-03-19T13:24:13+00:00","twitter_card":"summary_large_image","schema":{"@context":"https:\/\/schema.org","@graph":[{"@type":"WebPage","@id":"https:\/\/visitrauhalahti.fi\/en\/rauhalahti\/news\/","url":"https:\/\/visitrauhalahti.fi\/en\/rauhalahti\/news\/","name":"News - Matkailukeskus Rauhalahti","isPartOf":{"@id":"https:\/\/visitrauhalahti.fi\/en\/#website"},"datePublished":"2021-05-11T02:47:12+00:00","dateModified":"2026-03-19T13:24:13+00:00","breadcrumb":{"@id":"https:\/\/visitrauhalahti.fi\/en\/rauhalahti\/news\/#breadcrumb"},"inLanguage":"en-US","potentialAction":[{"@type":"ReadAction","target":["https:\/\/visitrauhalahti.fi\/en\/rauhalahti\/news\/"]}]},{"@type":"BreadcrumbList","@id":"https:\/\/visitrauhalahti.fi\/en\/rauhalahti\/news\/#breadcrumb","itemListElement":[{"@type":"ListItem","position":1,"name":"Etusivu","item":"https:\/\/visitrauhalahti.fi\/en\/"},{"@type":"ListItem","position":2,"name":"Rauhalahti","item":"https:\/\/visitrauhalahti.fi\/en\/"},{"@type":"ListItem","position":3,"name":"News"}]},{"@type":"WebSite","@id":"https:\/\/visitrauhalahti.fi\/en\/#website","url":"https:\/\/visitrauhalahti.fi\/en\/","name":"Matkailukeskus Rauhalahti","description":"Matkailukeskus Rauhalahti","publisher":{"@id":"https:\/\/visitrauhalahti.fi\/en\/#organization"},"potentialAction":[{"@type":"SearchAction","target":{"@type":"EntryPoint","urlTemplate":"https:\/\/visitrauhalahti.fi\/en\/?s={search_term_string}"},"query-input":{"@type":"PropertyValueSpecification","valueRequired":true,"valueName":"search_term_string"}}],"inLanguage":"en-US"},{"@type":"Organization","@id":"https:\/\/visitrauhalahti.fi\/en\/#organization","name":"Suomi Camping Oy","url":"https:\/\/visitrauhalahti.fi\/en\/","logo":{"@type":"ImageObject","inLanguage":"en-US","@id":"https:\/\/visitrauhalahti.fi\/en\/#\/schema\/logo\/image\/","url":"https:\/\/suomicamping.fi\/wp-content\/uploads\/sites\/2\/2021\/04\/Rauhalahti_logo.png","contentUrl":"https:\/\/suomicamping.fi\/wp-content\/uploads\/sites\/2\/2021\/04\/Rauhalahti_logo.png","width":900,"height":222,"caption":"Suomi Camping Oy"},"image":{"@id":"https:\/\/visitrauhalahti.fi\/en\/#\/schema\/logo\/image\/"},"sameAs":["https:\/\/www.facebook.com\/visitrauhalahti","https:\/\/www.instagram.com\/rauhalahtiholidaycentre\/","https:\/\/www.youtube.com\/playlist?list=PLBg6OlyntjFYI1W8jsvqBpA-3EMNnFHqN"]}]}},"publishpress_future_workflow_manual_trigger":{"enabledWorkflows":[]},"_links":{"self":[{"href":"https:\/\/visitrauhalahti.fi\/en\/wp-json\/wp\/v2\/pages\/12449","targetHints":{"allow":["GET"]}}],"collection":[{"href":"https:\/\/visitrauhalahti.fi\/en\/wp-json\/wp\/v2\/pages"}],"about":[{"href":"https:\/\/visitrauhalahti.fi\/en\/wp-json\/wp\/v2\/types\/page"}],"author":[{"embeddable":true,"href":"https:\/\/visitrauhalahti.fi\/en\/wp-json\/wp\/v2\/users\/2"}],"replies":[{"embeddable":true,"href":"https:\/\/visitrauhalahti.fi\/en\/wp-json\/wp\/v2\/comments?post=12449"}],"version-history":[{"count":8,"href":"https:\/\/visitrauhalahti.fi\/en\/wp-json\/wp\/v2\/pages\/12449\/revisions"}],"predecessor-version":[{"id":13686,"href":"https:\/\/visitrauhalahti.fi\/en\/wp-json\/wp\/v2\/pages\/12449\/revisions\/13686"}],"up":[{"embeddable":true,"href":"https:\/\/visitrauhalahti.fi\/en\/wp-json\/wp\/v2\/pages\/12447"}],"wp:attachment":[{"href":"https:\/\/visitrauhalahti.fi\/en\/wp-json\/wp\/v2\/media?parent=12449"}],"curies":[{"name":"wp","href":"https:\/\/api.w.org\/{rel}","templated":true}]}}